{"id":93,"date":"2019-10-28T22:15:35","date_gmt":"2019-10-28T22:15:35","guid":{"rendered":"http:\/\/dunabiztos.hu\/?page_id=93"},"modified":"2019-10-28T22:15:35","modified_gmt":"2019-10-28T22:15:35","slug":"biztositasok","status":"publish","type":"page","link":"https:\/\/dunabiztos.hu\/index.php\/biztositasok\/","title":{"rendered":"Biztos\u00edt\u00e1sok"},"content":{"rendered":"\n<p>G\u00e9pj\u00e1rm\u0171 bizotos\u00edt\u00e1sok<\/p>\n\n\n\n<p>Lak\u00e1s \u00e9s T\u00e1rsash\u00e1z biztos\u00edt\u00e1sok<\/p>\n\n\n\n<p>Utasbiztos\u00edt\u00e1sok<\/p>\n\n\n\n<p>V\u00e1llalati vagyon \u00e9s felel\u0151ss\u00e9g biztos\u00edt\u00e1sok<\/p>\n\n\n\n<p>Szakmai felel\u0151ss\u00e9g biztos\u00edt\u00e1sok<\/p>\n\n\n\n<p>\u00c9let biztos\u00edt\u00e1sok<\/p>\n","protected":false},"excerpt":{"rendered":"<p>G\u00e9pj\u00e1rm\u0171 bizotos\u00edt\u00e1sok Lak\u00e1s \u00e9s T\u00e1rsash\u00e1z biztos\u00edt\u00e1sok Utasbiztos\u00edt\u00e1sok V\u00e1llalati vagyon \u00e9s felel\u0151ss\u00e9g biztos\u00edt\u00e1sok Szakmai felel\u0151ss\u00e9g biztos\u00edt\u00e1sok \u00c9let biztos\u00edt\u00e1sok<\/p>\n","protected":false},"author":1,"featured_media":0,"parent":0,"menu_order":0,"comment_status":"closed","ping_status":"closed","template":"","meta":[],"_links":{"self":[{"href":"https:\/\/dunabiztos.hu\/index.php\/wp-json\/wp\/v2\/pages\/93"}],"collection":[{"href":"https:\/\/dunabiztos.hu\/index.php\/wp-json\/wp\/v2\/pages"}],"about":[{"href":"https:\/\/dunabiztos.hu\/index.php\/wp-json\/wp\/v2\/types\/page"}],"author":[{"embeddable":true,"href":"https:\/\/dunabiztos.hu\/index.php\/wp-json\/wp\/v2\/users\/1"}],"replies":[{"embeddable":true,"href":"https:\/\/dunabiztos.hu\/index.php\/wp-json\/wp\/v2\/comments?post=93"}],"version-history":[{"count":1,"href":"https:\/\/dunabiztos.hu\/index.php\/wp-json\/wp\/v2\/pages\/93\/revisions"}],"predecessor-version":[{"id":95,"href":"https:\/\/dunabiztos.hu\/index.php\/wp-json\/wp\/v2\/pages\/93\/revisions\/95"}],"wp:attachment":[{"href":"https:\/\/dunabiztos.hu\/index.php\/wp-json\/wp\/v2\/media?parent=93"}],"curies":[{"name":"wp","href":"https:\/\/api.w.org\/{rel}","templated":true}]}}