{"id":2,"date":"2019-10-28T17:34:47","date_gmt":"2019-10-28T17:34:47","guid":{"rendered":"http:\/\/dunabiztos.hu\/?page_id=2"},"modified":"2019-10-29T18:22:14","modified_gmt":"2019-10-29T18:22:14","slug":"rolunk","status":"publish","type":"page","link":"https:\/\/dunabiztos.hu\/","title":{"rendered":"R\u00f3lunk"},"content":{"rendered":"\n<div class=\"wp-block-media-text alignfull\" style=\"grid-template-columns:30% auto\"><figure class=\"wp-block-media-text__media\"><img decoding=\"async\" loading=\"lazy\" width=\"620\" height=\"323\" src=\"http:\/\/dunabiztos.hu\/wp-content\/uploads\/2019\/10\/alap_nyito1.jpg\" alt=\"\" class=\"wp-image-97\" srcset=\"https:\/\/dunabiztos.hu\/wp-content\/uploads\/2019\/10\/alap_nyito1.jpg 620w, https:\/\/dunabiztos.hu\/wp-content\/uploads\/2019\/10\/alap_nyito1-300x156.jpg 300w\" sizes=\"(max-width: 620px) 100vw, 620px\" \/><\/figure><div class=\"wp-block-media-text__content\">\n<p><\/p>\n\n\n\n<p>A DUNABIZTOS Biztos\u00edt\u00e1si Alkusz Kft 1997-ben, Duna\u00fajv\u00e1rosban alap\u00edtott, biztos\u00edt\u00e1sk\u00f6zvet\u00edt\u00e9sre, biztos\u00edt\u00e1si tan\u00e1csad\u00e1sra szakosodott t\u00e1rsas\u00e1g. Az alap\u00edt\u00e1s \u00f3ta tagjai vagyunk a<a rel=\"noreferrer noopener\" aria-label=\" (\u00faj f\u00fcl\u00f6n nyitja meg)\" href=\"http:\/\/www.fbamsz.hu\/\" target=\"_blank\">&nbsp;F\u00fcggetlen Biztos\u00edt\u00e1s Alkuszok Magyarorsz\u00e1gi Sz\u00f6vets\u00e9g\u00e9nek<\/a>.<\/p>\n<\/div><\/div>\n\n\n\n<p>A biztos\u00edt\u00e1si alkusz&nbsp; a biztos\u00edtott felet k\u00e9pviseli, m\u00edg a biztos\u00edt\u00e1si \u00fcgyn\u00f6k a biztos\u00edt\u00f3 t\u00e1rsas\u00e1got. A f\u00fcggetlen biztos\u00edt\u00e1si alkusz egyetlen biztos\u00edt\u00f3 t\u00e1rsas\u00e1gn\u00e1l sem k\u00f6telezi el mag\u00e1t, c\u00e9lja az \u00dcgyf\u00e9l \u00e9rdekeinek a k\u00e9pviselete.<\/p>\n\n\n\n<p>A hazai biztos\u00edt\u00f3 t\u00e1rsas\u00e1gokkal szerz\u0151dve, az orsz\u00e1g eg\u00e9sz ter\u00fclet\u00e9n, valamennyi biztos\u00edt\u00e1si m\u00f3dozatot \u00e9rint\u0151 \u00f6sszehasonl\u00edt\u00f3, szakmai elemz\u0151, v\u00e9lem\u00e9nyez\u0151 tan\u00e1csad\u00e1st v\u00e9gz\u00fcnk. Munk\u00e1nk sor\u00e1n nagy figyelmet ford\u00edtunk partnereink ig\u00e9ny\u00e9nek maxim\u00e1lis kiel\u00e9g\u00edt\u00e9s\u00e9re, a kock\u00e1zati t\u00e9nyez\u0151k korrekt meghat\u00e1roz\u00e1s\u00e1ra, mindent elk\u00f6vet\u00fcnk az optim\u00e1lis biztos\u00edt\u00e1si d\u00edj el\u00e9r\u00e9se \u00e9rdek\u00e9ben.<\/p>\n\n\n\n<p>A munkat\u00e1rsak szakmai ismereteinek, tapasztalatainak j\u00f3volt\u00e1b\u00f3l tev\u00e9kenys\u00e9g\u00fcnk \u00e1tfogja a v\u00e1llalati vagyonbiztos\u00edt\u00e1sok (v\u00e1llalati vagyon- \u00e9s felel\u0151ss\u00e9g-biztos\u00edt\u00e1s, g\u00e9pj\u00e1rm\u0171-biztos\u00edt\u00e1sok \u2013 GFB, casco), a szem\u00e9lybiztos\u00edt\u00e1sok, valamint a lakoss\u00e1gi biztos\u00edt\u00e1sok teljes k\u00f6r\u00e9t. Megb\u00edz\u00f3ink n\u00e1lunk t\u00f6bb magyarorsz\u00e1gi biztos\u00edt\u00f3 term\u00e9k\u00e9t kiv\u00e1laszthatj\u00e1k, nem kell az egyes biztos\u00edt\u00f3 t\u00e1rsas\u00e1gokat k\u00fcl\u00f6n-k\u00fcl\u00f6n felkeresni. Szolg\u00e1ltat\u00e1saink a Megb\u00edz\u00f3ink sz\u00e1m\u00e1ra teljes k\u00f6r\u0171 szolg\u00e1ltat\u00e1st ny\u00fajtunk, mely mag\u00e1ba fogalja:<\/p>\n\n\n\n<ul><li>a kock\u00e1zatfelm\u00e9r\u00e9st \u00e9s kock\u00e1zatelemz\u00e9st,<\/li><li>a d\u00f6nt\u00e9sel\u0151k\u00e9sz\u00edt\u00e9st, azaz a biztos\u00edt\u00f3k aj\u00e1nlatainak elemz\u00e9s\u00e9t,mely sor\u00e1n \u00f6sszevetj\u00fck a biztos\u00edt\u00f3k \u00e1ltal ny\u00fajtott szolg\u00e1ltat\u00e1sokat \u00e9s d\u00edjt\u00e9teleket<\/li><li>az \u00fcgyf\u00e9l \u00e1ltal v\u00e1lasztott biztos\u00edt\u00e1s l\u00e9trehoz\u00e1s\u00e1t, a szerz\u0151d\u00e9s megk\u00f6t\u00e9s\u00e9t.<\/li><li>a megl\u00e9v\u0151 biztos\u00edt\u00e1si szerz\u0151d\u00e9sek fel\u00fclvizsg\u00e1lat\u00e1t, sz\u00fcks\u00e9g eset\u00e9n azok kieg\u00e9sz\u00edt\u00e9s\u00e9t, illetve&nbsp;m\u00f3dos\u00edt\u00e1s\u00e1t,<\/li><li>a biztos\u00edt\u00f3k k\u00f6z\u00f6tti tendereztet\u00e9st,<\/li><li>K\u00e1r eset\u00e9n tan\u00e1csad\u00e1st, seg\u00edts\u00e9get ny\u00fajtunk \u00fcgyfeleinknek.<\/li><\/ul>\n\n\n\n<p>Tev\u00e9kenys\u00e9g\u00fcnk az \u201cegyszer\u0171\u201d utasbiztos\u00edt\u00e1sok k\u00f6zvet\u00edt\u00e9s\u00e9t\u0151l, komplett v\u00e1llalatok teljesk\u00f6r\u0171 vagyonbiztos\u00edt\u00e1s\u00e1nak kezel\u00e9s\u00e9ig, a biztos\u00edt\u00e1si piac teljes palett\u00e1j\u00e1t mag\u00e1ban foglalja.Keressen minket bizalommal, seg\u00edt\u00fcnk d\u00f6nteni!<\/p>\n","protected":false},"excerpt":{"rendered":"<p>A DUNABIZTOS Biztos\u00edt\u00e1si Alkusz Kft 1997-ben, Duna\u00fajv\u00e1rosban alap\u00edtott, biztos\u00edt\u00e1sk\u00f6zvet\u00edt\u00e9sre, biztos\u00edt\u00e1si tan\u00e1csad\u00e1sra szakosodott t\u00e1rsas\u00e1g. Az alap\u00edt\u00e1s \u00f3ta tagjai vagyunk a&nbsp;F\u00fcggetlen Biztos\u00edt\u00e1s Alkuszok Magyarorsz\u00e1gi Sz\u00f6vets\u00e9g\u00e9nek. A biztos\u00edt\u00e1si&hellip;<\/p>\n","protected":false},"author":1,"featured_media":0,"parent":0,"menu_order":0,"comment_status":"closed","ping_status":"open","template":"","meta":[],"_links":{"self":[{"href":"https:\/\/dunabiztos.hu\/index.php\/wp-json\/wp\/v2\/pages\/2"}],"collection":[{"href":"https:\/\/dunabiztos.hu\/index.php\/wp-json\/wp\/v2\/pages"}],"about":[{"href":"https:\/\/dunabiztos.hu\/index.php\/wp-json\/wp\/v2\/types\/page"}],"author":[{"embeddable":true,"href":"https:\/\/dunabiztos.hu\/index.php\/wp-json\/wp\/v2\/users\/1"}],"replies":[{"embeddable":true,"href":"https:\/\/dunabiztos.hu\/index.php\/wp-json\/wp\/v2\/comments?post=2"}],"version-history":[{"count":8,"href":"https:\/\/dunabiztos.hu\/index.php\/wp-json\/wp\/v2\/pages\/2\/revisions"}],"predecessor-version":[{"id":246,"href":"https:\/\/dunabiztos.hu\/index.php\/wp-json\/wp\/v2\/pages\/2\/revisions\/246"}],"wp:attachment":[{"href":"https:\/\/dunabiztos.hu\/index.php\/wp-json\/wp\/v2\/media?parent=2"}],"curies":[{"name":"wp","href":"https:\/\/api.w.org\/{rel}","templated":true}]}}